{"id":9992,"date":"2023-07-23T20:50:44","date_gmt":"2023-07-23T20:50:44","guid":{"rendered":"https:\/\/colbego.com\/?page_id=9992"},"modified":"2023-08-21T17:46:58","modified_gmt":"2023-08-21T17:46:58","slug":"innowacje","status":"publish","type":"page","link":"https:\/\/colbego.com\/en\/innowacje\/","title":{"rendered":"INNOVATION"},"content":{"rendered":"<div class=\"vc_row wpb_row vc_row-fluid vc_custom_1462979972476\"><div class=\"wpb_column vc_column_container vc_col-sm-12\"><div class=\"vc_column-inner\"><div class=\"wpb_wrapper\">\n\t\t\t<!-- START INNOWACJE REVOLUTION SLIDER 6.5.6 --><p class=\"rs-p-wp-fix\"><\/p>\n\t\t\t<rs-module-wrap id=\"rev_slider_9_1_wrapper\" data-source=\"gallery\" style=\"visibility:hidden;background:transparent;padding:0;\">\n\t\t\t\t<rs-module id=\"rev_slider_9_1\" style=\"\" data-version=\"6.5.6\">\n\t\t\t\t\t<rs-slides>\n\t\t\t\t\t\t<rs-slide style=\"position: absolute;\" data-key=\"rs-11\" data-title=\"Landspace\" data-in=\"o:0;\" data-out=\"a:false;\">\n\t\t\t\t\t\t\t<img data-recalc-dims=\"1\" loading=\"lazy\" decoding=\"async\" src=\"https:\/\/i0.wp.com\/colbego.com\/wp-content\/plugins\/revslider\/public\/assets\/assets\/dummy.png?resize=1170%2C658\" title=\"pracatop\" width=\"1170\" height=\"658\" class=\"rev-slidebg tp-rs-img rs-lazyload\" data-lazyload=\"\/\/colbego.com\/wp-content\/uploads\/2023\/08\/pracatop.jpg\" data-no-retina>\n<!--\n\t\t\t\t\t\t\t--><rs-layer\n\t\t\t\t\t\t\t\tid=\"slider-9-slide-11-layer-1\" \n\t\t\t\t\t\t\t\tdata-type=\"text\"\n\t\t\t\t\t\t\t\tdata-color=\"rgba(255,255,255,1)\"\n\t\t\t\t\t\t\t\tdata-rsp_ch=\"on\"\n\t\t\t\t\t\t\t\tdata-xy=\"x:c;y:c;\"\n\t\t\t\t\t\t\t\tdata-text=\"s:100;l:110;fw:700;\"\n\t\t\t\t\t\t\t\tdata-frame_0=\"y:100%;\"\n\t\t\t\t\t\t\t\tdata-frame_0_mask=\"u:t;y:100%;\"\n\t\t\t\t\t\t\t\tdata-frame_1=\"e:power2.inOut;st:500;sp:1000;\"\n\t\t\t\t\t\t\t\tdata-frame_1_mask=\"u:t;\"\n\t\t\t\t\t\t\t\tdata-frame_999=\"y:-100%;e:nothing;st:w;\"\n\t\t\t\t\t\t\t\tdata-frame_999_mask=\"u:t;\"\n\t\t\t\t\t\t\t\tstyle=\"z-index:5;font-family:'Oswald';\"\n\t\t\t\t\t\t\t>INNOVATION \n\t\t\t\t\t\t\t<\/rs-layer><!--\n\n\t\t\t\t\t\t\t--><rs-layer\n\t\t\t\t\t\t\t\tid=\"slider-9-slide-11-layer-2\" \n\t\t\t\t\t\t\t\tdata-type=\"text\"\n\t\t\t\t\t\t\t\tdata-color=\"rgba(255,255,255,1)\"\n\t\t\t\t\t\t\t\tdata-rsp_ch=\"on\"\n\t\t\t\t\t\t\t\tdata-xy=\"x:c;y:c;yo:80px;\"\n\t\t\t\t\t\t\t\tdata-text=\"w:normal;s:16;l:20;fw:700;a:center;\"\n\t\t\t\t\t\t\t\tdata-dim=\"w:525px;h:40px;\"\n\t\t\t\t\t\t\t\tdata-frame_0=\"y:100%;\"\n\t\t\t\t\t\t\t\tdata-frame_0_mask=\"u:t;y:100%;\"\n\t\t\t\t\t\t\t\tdata-frame_1=\"e:power2.inOut;st:500;sp:800;\"\n\t\t\t\t\t\t\t\tdata-frame_1_mask=\"u:t;\"\n\t\t\t\t\t\t\t\tdata-frame_999=\"y:100%;e:nothing;st:w;\"\n\t\t\t\t\t\t\t\tdata-frame_999_mask=\"u:t;\"\n\t\t\t\t\t\t\t\tstyle=\"z-index:6;font-family:'Source Sans Pro';\"\n\t\t\t\t\t\t\t> \n\t\t\t\t\t\t\t<\/rs-layer><!--\n\n\t\t\t\t\t\t\t--><rs-layer\n\t\t\t\t\t\t\t\tid=\"slider-9-slide-11-layer-3\" \n\t\t\t\t\t\t\t\tclass=\"tp-shape tp-shapewrapper\"\n\t\t\t\t\t\t\t\tdata-type=\"shape\"\n\t\t\t\t\t\t\t\tdata-rsp_ch=\"on\"\n\t\t\t\t\t\t\t\tdata-xy=\"x:c;y:c;yo:-141px;\"\n\t\t\t\t\t\t\t\tdata-text=\"fw:900;\"\n\t\t\t\t\t\t\t\tdata-dim=\"w:4px;h:100px;\"\n\t\t\t\t\t\t\t\tdata-frame_0=\"y:-100%;o:1;\"\n\t\t\t\t\t\t\t\tdata-frame_0_mask=\"u:t;\"\n\t\t\t\t\t\t\t\tdata-frame_1=\"st:650;sp:1000;\"\n\t\t\t\t\t\t\t\tdata-frame_1_mask=\"u:t;\"\n\t\t\t\t\t\t\t\tdata-frame_999=\"y:-100%;e:nothing;st:w;\"\n\t\t\t\t\t\t\t\tdata-frame_999_mask=\"u:t;\"\n\t\t\t\t\t\t\t\tstyle=\"z-index:7;background-color:rgba(255,255,255,1);\"\n\t\t\t\t\t\t\t> \n\t\t\t\t\t\t\t<\/rs-layer><!--\n\n\t\t\t\t\t\t\t--><rs-layer\n\t\t\t\t\t\t\t\tid=\"slider-9-slide-11-layer-4\" \n\t\t\t\t\t\t\t\tclass=\"tp-shape tp-shapewrapper\"\n\t\t\t\t\t\t\t\tdata-type=\"shape\"\n\t\t\t\t\t\t\t\tdata-rsp_ch=\"on\"\n\t\t\t\t\t\t\t\tdata-xy=\"x:c;y:c;yo:190px;\"\n\t\t\t\t\t\t\t\tdata-text=\"fw:900;\"\n\t\t\t\t\t\t\t\tdata-dim=\"w:4px;h:100px;\"\n\t\t\t\t\t\t\t\tdata-frame_0=\"y:100%;\"\n\t\t\t\t\t\t\t\tdata-frame_0_mask=\"u:t;y:100%;\"\n\t\t\t\t\t\t\t\tdata-frame_1=\"e:power2.inOut;st:650;sp:1000;\"\n\t\t\t\t\t\t\t\tdata-frame_1_mask=\"u:t;\"\n\t\t\t\t\t\t\t\tdata-frame_999=\"y:100%;e:nothing;st:w;\"\n\t\t\t\t\t\t\t\tdata-frame_999_mask=\"u:t;\"\n\t\t\t\t\t\t\t\tstyle=\"z-index:8;background-color:rgba(255,255,255,1);\"\n\t\t\t\t\t\t\t> \n\t\t\t\t\t\t\t<\/rs-layer><!--\n-->\t\t\t\t\t\t<\/rs-slide>\n\t\t\t\t\t<\/rs-slides>\n\t\t\t\t<\/rs-module>\n\t\t\t\t<script type=\"text\/javascript\">\n\t\t\t\t\tsetREVStartSize({c: 'rev_slider_9_1',rl:[1240,1024,778,480],el:[1080],gw:[1920],gh:[1080],type:'standard',justify:'',layout:'fullscreen',offsetContainer:'',offset:'',mh:\"0\"});if (window.RS_MODULES!==undefined && window.RS_MODULES.modules!==undefined && window.RS_MODULES.modules[\"revslider91\"]!==undefined) {window.RS_MODULES.modules[\"revslider91\"].once = false;window.revapi9 = undefined;if (window.RS_MODULES.checkMinimal!==undefined) window.RS_MODULES.checkMinimal()}\n\t\t\t\t<\/script>\n\t\t\t<\/rs-module-wrap>\n\t\t\t<!-- END REVOLUTION SLIDER -->\n<\/div><\/div><\/div><\/div><div data-vc-full-width=\"true\" data-vc-full-width-init=\"false\" data-vc-stretch-content=\"true\" class=\"vc_row wpb_row vc_row-fluid vc_custom_1462985281204 vc_row-no-padding\"><div class=\"wpb_column vc_column_container vc_col-sm-6\"><div class=\"vc_column-inner\"><div class=\"wpb_wrapper\"><div class=\"ult-content-box-container\" >\t\t<div class=\"ult-content-box\" style=\"box-shadow: px px px px #f7f7f7 none;padding:90px;-webkit-transition: all 700ms ease;-moz-transition: all 700ms ease;-ms-transition: all 700ms ease;-o-transition: all 700ms ease;transition: all 700ms ease;\"  data-hover_box_shadow=\"none\"   data-responsive_margins=\"margin:0px;\"   ><div id=\"ultimate-heading-290669f2fd157a44b\" class=\"uvc-heading ult-adjust-bottom-margin ultimate-heading-290669f2fd157a44b uvc-765\" data-hspacer=\"line_only\"  data-halign=\"left\" style=\"text-align:left\"><div class=\"uvc-sub-heading ult-responsive\"  data-ultimate-target='.uvc-heading.ultimate-heading-290669f2fd157a44b .uvc-sub-heading '  data-responsive-json-new='{\"font-size\":\"desktop:38px;\",\"line-height\":\"desktop:40px;\"}'  style=\"font-weight:normal;color:#333333;margin-top:10px;\">INNOVATION<\/p>\n<div id=\"gtx-trans\" style=\"position: absolute; left: -237px; top: -10px;\">\n<div class=\"gtx-trans-icon\"><\/div>\n<\/div>\n<p><\/div><div class=\"uvc-heading-spacer line_only\" style=\"margin-top:40px;margin-bottom:40px;height:1px;\"><span class=\"uvc-headings-line\" style=\"border-style:solid;border-bottom-width:1px;border-color:#00955e;width:50px;\"><\/span><\/div><\/div>\n\t<div class=\"wpb_text_column wpb_content_element  vc_custom_1691941306307\" >\n\t\t<div class=\"wpb_wrapper\">\n\t\t\t<p>Combining our many years of technical experience, a very wide range of contacts with manufacturers of individual components used in the renewable energy industry, with cooperation with research and development centres, we began the process of implementing solutions to improve quality, efficiency and safety.<\/p>\n<p>Being aware of the need to adapt existing installations to current regulations through the use of new technologies, we have established cooperation with many manufacturers of innovative solutions. Together, we provide a comprehensive service, starting with the design, manufacture and installation of finished products including control automation, professional maintenance and availability of spare parts.<\/p>\n<h4><\/h4>\n\n\t\t<\/div>\n\t<\/div>\n\t\t<\/div><\/div><\/div><\/div><\/div><div class=\"wpb_column vc_column_container vc_col-sm-6\"><div class=\"vc_column-inner\"><div class=\"wpb_wrapper\">\n\t<div  class=\"wpb_single_image wpb_content_element vc_align_left  vc_custom_1692640017871\">\n\t\t\n\t\t<figure class=\"wpb_wrapper vc_figure\">\n\t\t\t<div class=\"vc_single_image-wrapper   vc_box_border_grey\"><img loading=\"lazy\" decoding=\"async\" width=\"1000\" height=\"1080\" src=\"https:\/\/i0.wp.com\/colbego.com\/wp-content\/uploads\/2023\/08\/innowacje_foto.jpg?fit=1000%2C1080&amp;ssl=1\" class=\"vc_single_image-img attachment-full\" alt=\"\" title=\"innowacje_foto\" srcset=\"https:\/\/i0.wp.com\/colbego.com\/wp-content\/uploads\/2023\/08\/innowacje_foto.jpg?w=1000&amp;ssl=1 1000w, https:\/\/i0.wp.com\/colbego.com\/wp-content\/uploads\/2023\/08\/innowacje_foto.jpg?resize=278%2C300&amp;ssl=1 278w, https:\/\/i0.wp.com\/colbego.com\/wp-content\/uploads\/2023\/08\/innowacje_foto.jpg?resize=948%2C1024&amp;ssl=1 948w, https:\/\/i0.wp.com\/colbego.com\/wp-content\/uploads\/2023\/08\/innowacje_foto.jpg?resize=768%2C829&amp;ssl=1 768w, https:\/\/i0.wp.com\/colbego.com\/wp-content\/uploads\/2023\/08\/innowacje_foto.jpg?resize=685%2C740&amp;ssl=1 685w, https:\/\/i0.wp.com\/colbego.com\/wp-content\/uploads\/2023\/08\/innowacje_foto.jpg?resize=570%2C616&amp;ssl=1 570w, https:\/\/i0.wp.com\/colbego.com\/wp-content\/uploads\/2023\/08\/innowacje_foto.jpg?resize=490%2C529&amp;ssl=1 490w, https:\/\/i0.wp.com\/colbego.com\/wp-content\/uploads\/2023\/08\/innowacje_foto.jpg?resize=370%2C400&amp;ssl=1 370w, https:\/\/i0.wp.com\/colbego.com\/wp-content\/uploads\/2023\/08\/innowacje_foto.jpg?resize=270%2C292&amp;ssl=1 270w, https:\/\/i0.wp.com\/colbego.com\/wp-content\/uploads\/2023\/08\/innowacje_foto.jpg?resize=210%2C227&amp;ssl=1 210w\" sizes=\"auto, (max-width: 1000px) 100vw, 1000px\" \/><\/div>\n\t\t<\/figure>\n\t<\/div>\n<\/div><\/div><\/div><\/div><div class=\"vc_row-full-width vc_clearfix\"><\/div>","protected":false},"excerpt":{"rendered":"INNOWACJE INNOWACJE \u0141\u0105cz\u0105c nasze wieloletnie do\u015bwiadczenie techniczne, bardzo szerokie spektrum kontakt\u00f3w z producentami poszczeg\u00f3lnych komponent\u00f3w wykorzystywanych w bran\u017cy energii odnawialnej, ze wsp\u00f3\u0142prac\u0105 z o\u015brodkami naukowo-badawczymi, rozpocz\u0119li\u015bmy proces wdra\u017cania rozwi\u0105za\u0144 poprawiaj\u0105cych jako\u015b\u0107, wydajno\u015b\u0107 oraz bezpiecze\u0144stwo. Maj\u0105c \u015bwiadomo\u015b\u0107 potrzeb zwi\u0105zanych z dostosowaniem istniej\u0105cych instalacji do aktualnych przepis\u00f3w poprzez zastosowanie nowych technologii, nawi\u0105zali\u015bmy wsp\u00f3\u0142prac\u0119 z wieloma producentami innowacyjnych [...]","protected":false},"author":1,"featured_media":0,"parent":0,"menu_order":0,"comment_status":"closed","ping_status":"closed","template":"","meta":{"footnotes":""},"class_list":["post-9992","page","type-page","status-publish","hentry"],"jetpack_sharing_enabled":true,"_links":{"self":[{"href":"https:\/\/colbego.com\/en\/wp-json\/wp\/v2\/pages\/9992","targetHints":{"allow":["GET"]}}],"collection":[{"href":"https:\/\/colbego.com\/en\/wp-json\/wp\/v2\/pages"}],"about":[{"href":"https:\/\/colbego.com\/en\/wp-json\/wp\/v2\/types\/page"}],"author":[{"embeddable":true,"href":"https:\/\/colbego.com\/en\/wp-json\/wp\/v2\/users\/1"}],"replies":[{"embeddable":true,"href":"https:\/\/colbego.com\/en\/wp-json\/wp\/v2\/comments?post=9992"}],"version-history":[{"count":7,"href":"https:\/\/colbego.com\/en\/wp-json\/wp\/v2\/pages\/9992\/revisions"}],"predecessor-version":[{"id":10123,"href":"https:\/\/colbego.com\/en\/wp-json\/wp\/v2\/pages\/9992\/revisions\/10123"}],"wp:attachment":[{"href":"https:\/\/colbego.com\/en\/wp-json\/wp\/v2\/media?parent=9992"}],"curies":[{"name":"wp","href":"https:\/\/api.w.org\/{rel}","templated":true}]}}